{"id":450,"date":"2021-01-21T08:42:50","date_gmt":"2021-01-21T07:42:50","guid":{"rendered":"https:\/\/epa.bz.it\/datenschutz\/"},"modified":"2021-06-03T13:52:34","modified_gmt":"2021-06-03T11:52:34","slug":"privacy","status":"publish","type":"page","link":"https:\/\/epa.bz.it\/it\/privacy\/","title":{"rendered":"Privacy"},"content":{"rendered":"[vc_row type=&#8221;in_container&#8221; full_screen_row_position=&#8221;middle&#8221; column_margin=&#8221;default&#8221; column_direction=&#8221;default&#8221; column_direction_tablet=&#8221;default&#8221; column_direction_phone=&#8221;default&#8221; scene_position=&#8221;center&#8221; text_color=&#8221;dark&#8221; text_align=&#8221;left&#8221; row_border_radius=&#8221;none&#8221; row_border_radius_applies=&#8221;bg&#8221; overlay_strength=&#8221;0.3&#8243; gradient_direction=&#8221;left_to_right&#8221; shape_divider_position=&#8221;bottom&#8221; bg_image_animation=&#8221;none&#8221;][vc_column column_padding=&#8221;no-extra-padding&#8221; column_padding_tablet=&#8221;inherit&#8221; column_padding_phone=&#8221;inherit&#8221; column_padding_position=&#8221;all&#8221; column_element_spacing=&#8221;default&#8221; background_color_opacity=&#8221;1&#8243; background_hover_color_opacity=&#8221;1&#8243; column_shadow=&#8221;none&#8221; column_border_radius=&#8221;none&#8221; column_link_target=&#8221;_self&#8221; gradient_direction=&#8221;left_to_right&#8221; overlay_strength=&#8221;0.3&#8243; width=&#8221;1\/1&#8243; tablet_width_inherit=&#8221;default&#8221; tablet_text_alignment=&#8221;default&#8221; phone_text_alignment=&#8221;default&#8221; bg_image_animation=&#8221;none&#8221; border_type=&#8221;simple&#8221; column_border_width=&#8221;none&#8221; column_border_style=&#8221;solid&#8221;][divider line_type=&#8221;No Line&#8221; custom_height=&#8221;60&#8243;][vc_column_text]\n<p class=\"p1\"><b>PRIVACY POLICY<\/b><\/p>\n<p class=\"p3\"><span class=\"s1\"><b>Ai sensi dell&#8217;art. 13 del Regolamento Europeo 2016\/679 (GDPR)<\/b><\/span> nonch\u00e9 ai sensi del Provvedimento in materia di cookie n. 229 dell\u20198 maggio 2014, si desidera informare i visitatori del sito circa l\u2019utilizzo dei dati inseriti e dei cookie utilizzati dal sito stesso. L\u2019informativa \u00e8 resa anche ai sensi della Raccomandazione n. 2\/2001 adottata dal Gruppo di lavoro istituito dall\u2019art. 29 della direttiva n. 95\/46\/CE. La presente ha ad oggetto i siti ed i portali di EUP SOCIETA\u2019 COOPERATIVA e non riguarda altre pagine web eventualmente consultate tramite link.<\/p>\n<p class=\"p3\"><b>IL TITOLARE DEL TRATTAMENTO<span class=\"Apple-converted-space\">\u00a0<\/span><\/b><\/p>\n<p class=\"p3\">In virt\u00f9 della consultazione del sito web possono essere trattati dati personali o comunque associabili all\u2019utente anche tramite l\u2019utilizzo di cookie. Il titolare del trattamento \u00e8 EUP SOCIETA\u2019 COOPERATIVA con sede legale in via Carbonai 73\/a, 39015 Leonardo In Passiria.<span class=\"Apple-converted-space\">\u00a0<\/span><\/p>\n<p class=\"p3\">Sar\u00e0 possibile contattare il Titolare del trattamento utilizzando i seguenti recapiti:<\/p>\n<ul class=\"ul1\">\n<li class=\"li3\">Tel: 0473 492375<span class=\"Apple-converted-space\">\u00a0<\/span><\/li>\n<li class=\"li5\"><span class=\"s4\">E- mail: <a href=\"mailto:info@eup.bz.it\"><span class=\"s5\">info@eup.bz.it<\/span><\/a><\/span><\/li>\n<\/ul>\n<p class=\"p4\"><span class=\"Apple-converted-space\">\u00a0<\/span><\/p>\n<p class=\"p3\"><b>FINALITA\u2019 E MODALITA\u2019 DI TRATTAMENTO<\/b><\/p>\n<p class=\"p3\"><b>DATI DI NAVIGAZIONE<span class=\"Apple-converted-space\">\u00a0<\/span><\/b><\/p>\n<p class=\"p3\">I sistemi informatici e le procedure software preposte al funzionamento di questo sito web acquisiscono, nel corso del loro normale esercizio, alcuni dati personali la cui trasmissione \u00e8 implicita nell&#8217;uso dei protocolli di comunicazione di Internet.<\/p>\n<p class=\"p3\">Si tratta di informazioni che non sono raccolte per essere associate a interessati identificati, ma che per loro stessa natura potrebbero, attraverso elaborazioni ed associazioni con dati detenuti da terzi, permettere di identificare gli utenti.<\/p>\n<p class=\"p3\">In questa categoria di dati rientrano gli indirizzi IP o i nomi a dominio dei computer utilizzati dagli utenti che si connettono al sito, gli indirizzi in notazione URI (Uniform Resource Identifier) delle risorse richieste, l&#8217;orario della richiesta, il metodo utilizzato nel sottoporre la richiesta al server, la dimensione del file ottenuto in risposta, il codice numerico indicante lo stato della risposta data dal server (buon fine, errore, ecc.) ed altri parametri relativi al sistema operativo e all&#8217;ambiente informatico dell&#8217;utente.<\/p>\n<p class=\"p3\">Questi dati vengono utilizzati al solo fine di ricavare informazioni statistiche anonime sull&#8217;uso del sito e per controllarne il corretto funzionamento e vengono cancellati immediatamente dopo l&#8217;elaborazione. I dati potrebbero essere utilizzati per l&#8217;accertamento di responsabilit\u00e0 in caso di ipotetici reati informatici ai danni del sito.<\/p>\n<p class=\"p3\">Per quanto riguarda i dati acquisiti tramite cookie si rimanda alla sezione dedicata<\/p>\n<p class=\"p3\"><b>TRASFERIMENTO DATI AD UN PAESE TERZO O ORGANIZZAZIONI INTERNAZIONALI<\/b><\/p>\n<p class=\"p3\">I Suoi dati non saranno in alcun modo oggetto di trasferimento verso Paesi terzi extra UE od organizzazioni internazionali n\u00e9 verranno salvati su server ubicati in un paese terzo.<\/p>\n<p class=\"p3\"><b>PROCESSI DECISIONALI AUTOMATIZZATI<\/b><\/p>\n<p class=\"p3\">Il Titolare non utilizza in alcun modo processi decisionali automatizzati che riguardano i Suoi dati personali.<span class=\"Apple-converted-space\">\u00a0<\/span><\/p>\n<p class=\"p3\"><b>DIRITTI DELL\u2019INTERESSATO<span class=\"Apple-converted-space\">\u00a0<\/span><\/b><\/p>\n<p class=\"p3\">In qualsiasi momento Lei ha diritto di richiedere al Titolare l\u2019accesso ai Suoi dati, nonch\u00e9 la rettifica o la cancellazione degli stessi. Le verr\u00e0 fornito riscontro entro 30 giorni in forma scritta (salvo Sua specifica richiesta di riscontro orale), anche con mezzi elettronici. Ha inoltre diritto a richiedere la limitazione del trattamento ovvero di opporsi allo stesso. Potr\u00e0 infine richiedere la portabilit\u00e0 dei Suoi dati verso un altro titolare. In qualsiasi momento potr\u00e0 inoltre revocare i consensi prestati in questo sito web. Per revocare uno o pi\u00f9 dei consensi eventualmente prestati sar\u00e0 sufficiente contattare uno dei recapiti sopraindicati.<span class=\"Apple-converted-space\">\u00a0<\/span><\/p>\n<p class=\"p3\">Laddove Lei ritenga che i Suoi dati siano stati trattati in modo illegittimo, ha il diritto di rivolgersi all\u2019Autorit\u00e0 di Controllo per proporre reclamo.<span class=\"Apple-converted-space\">\u00a0<\/span><\/p>\n[\/vc_column_text][\/vc_column][\/vc_row]\n","protected":false},"excerpt":{"rendered":"<p>[vc_row type=&#8221;in_container&#8221; full_screen_row_position=&#8221;middle&#8221; column_margin=&#8221;default&#8221; column_direction=&#8221;default&#8221; column_direction_tablet=&#8221;default&#8221; column_direction_phone=&#8221;default&#8221; scene_position=&#8221;center&#8221; text_color=&#8221;dark&#8221; text_align=&#8221;left&#8221; row_border_radius=&#8221;none&#8221; row_border_radius_applies=&#8221;bg&#8221; overlay_strength=&#8221;0.3&#8243; gradient_direction=&#8221;left_to_right&#8221; shape_divider_position=&#8221;bottom&#8221; bg_image_animation=&#8221;none&#8221;][vc_column column_padding=&#8221;no-extra-padding&#8221; column_padding_tablet=&#8221;inherit&#8221; column_padding_phone=&#8221;inherit&#8221; column_padding_position=&#8221;all&#8221; column_element_spacing=&#8221;default&#8221; background_color_opacity=&#8221;1&#8243; background_hover_color_opacity=&#8221;1&#8243; column_shadow=&#8221;none&#8221; column_border_radius=&#8221;none&#8221; column_link_target=&#8221;_self&#8221; gradient_direction=&#8221;left_to_right&#8221; overlay_strength=&#8221;0.3&#8243; width=&#8221;1\/1&#8243; tablet_width_inherit=&#8221;default&#8221;&#8230;<\/p>\n","protected":false},"author":1,"featured_media":0,"parent":0,"menu_order":92,"comment_status":"closed","ping_status":"open","template":"","meta":{"footnotes":""},"class_list":["post-450","page","type-page","status-publish"],"yoast_head":"<!-- This site is optimized with the Yoast SEO plugin v27.2 - https:\/\/yoast.com\/product\/yoast-seo-wordpress\/ -->\n<title>Privacy ~ epa.bz.it<\/title>\n<meta name=\"robots\" content=\"index, follow, max-snippet:-1, max-image-preview:large, max-video-preview:-1\" \/>\n<link rel=\"canonical\" href=\"https:\/\/epa.bz.it\/it\/privacy\/\" \/>\n<meta property=\"og:locale\" content=\"it_IT\" \/>\n<meta property=\"og:type\" content=\"article\" \/>\n<meta property=\"og:title\" content=\"Privacy ~ epa.bz.it\" \/>\n<meta property=\"og:description\" content=\"[vc_row type=&#8221;in_container&#8221; full_screen_row_position=&#8221;middle&#8221; column_margin=&#8221;default&#8221; column_direction=&#8221;default&#8221; column_direction_tablet=&#8221;default&#8221; column_direction_phone=&#8221;default&#8221; scene_position=&#8221;center&#8221; text_color=&#8221;dark&#8221; text_align=&#8221;left&#8221; row_border_radius=&#8221;none&#8221; row_border_radius_applies=&#8221;bg&#8221; overlay_strength=&#8221;0.3&#8243; gradient_direction=&#8221;left_to_right&#8221; shape_divider_position=&#8221;bottom&#8221; bg_image_animation=&#8221;none&#8221;][vc_column column_padding=&#8221;no-extra-padding&#8221; column_padding_tablet=&#8221;inherit&#8221; column_padding_phone=&#8221;inherit&#8221; column_padding_position=&#8221;all&#8221; column_element_spacing=&#8221;default&#8221; background_color_opacity=&#8221;1&#8243; background_hover_color_opacity=&#8221;1&#8243; column_shadow=&#8221;none&#8221; column_border_radius=&#8221;none&#8221; column_link_target=&#8221;_self&#8221; gradient_direction=&#8221;left_to_right&#8221; overlay_strength=&#8221;0.3&#8243; width=&#8221;1\/1&#8243; tablet_width_inherit=&#8221;default&#8221;...\" \/>\n<meta property=\"og:url\" content=\"https:\/\/epa.bz.it\/it\/privacy\/\" \/>\n<meta property=\"og:site_name\" content=\"epa.bz.it\" \/>\n<meta property=\"article:modified_time\" content=\"2021-06-03T11:52:34+00:00\" \/>\n<meta property=\"og:image\" content=\"https:\/\/epa.bz.it\/wordpress\/wp-content\/uploads\/2021\/02\/epa-strom_fuer_passeier.jpg\" \/>\n\t<meta property=\"og:image:width\" content=\"1920\" \/>\n\t<meta property=\"og:image:height\" content=\"1280\" \/>\n\t<meta property=\"og:image:type\" content=\"image\/jpeg\" \/>\n<script type=\"application\/ld+json\" class=\"yoast-schema-graph\">{\"@context\":\"https:\/\/schema.org\",\"@graph\":[{\"@type\":\"WebPage\",\"@id\":\"https:\/\/epa.bz.it\/it\/privacy\/\",\"url\":\"https:\/\/epa.bz.it\/it\/privacy\/\",\"name\":\"Privacy ~ epa.bz.it\",\"isPartOf\":{\"@id\":\"https:\/\/epa.bz.it\/#website\"},\"datePublished\":\"2021-01-21T07:42:50+00:00\",\"dateModified\":\"2021-06-03T11:52:34+00:00\",\"breadcrumb\":{\"@id\":\"https:\/\/epa.bz.it\/it\/privacy\/#breadcrumb\"},\"inLanguage\":\"it-IT\",\"potentialAction\":[{\"@type\":\"ReadAction\",\"target\":[\"https:\/\/epa.bz.it\/it\/privacy\/\"]}]},{\"@type\":\"BreadcrumbList\",\"@id\":\"https:\/\/epa.bz.it\/it\/privacy\/#breadcrumb\",\"itemListElement\":[{\"@type\":\"ListItem\",\"position\":1,\"name\":\"Start\",\"item\":\"https:\/\/epa.bz.it\/it\/sample-page\/\"},{\"@type\":\"ListItem\",\"position\":2,\"name\":\"Privacy\"}]},{\"@type\":\"WebSite\",\"@id\":\"https:\/\/epa.bz.it\/#website\",\"url\":\"https:\/\/epa.bz.it\/\",\"name\":\"Energie Passeier\",\"description\":\"Strom aus Passeier\",\"publisher\":{\"@id\":\"https:\/\/epa.bz.it\/#organization\"},\"potentialAction\":[{\"@type\":\"SearchAction\",\"target\":{\"@type\":\"EntryPoint\",\"urlTemplate\":\"https:\/\/epa.bz.it\/?s={search_term_string}\"},\"query-input\":{\"@type\":\"PropertyValueSpecification\",\"valueRequired\":true,\"valueName\":\"search_term_string\"}}],\"inLanguage\":\"it-IT\"},{\"@type\":\"Organization\",\"@id\":\"https:\/\/epa.bz.it\/#organization\",\"name\":\"Energie Passeier\",\"url\":\"https:\/\/epa.bz.it\/\",\"logo\":{\"@type\":\"ImageObject\",\"inLanguage\":\"it-IT\",\"@id\":\"https:\/\/epa.bz.it\/#\/schema\/logo\/image\/\",\"url\":\"https:\/\/epa.bz.it\/wordpress\/wp-content\/uploads\/2021\/03\/favicon-epa.png\",\"contentUrl\":\"https:\/\/epa.bz.it\/wordpress\/wp-content\/uploads\/2021\/03\/favicon-epa.png\",\"width\":512,\"height\":512,\"caption\":\"Energie Passeier\"},\"image\":{\"@id\":\"https:\/\/epa.bz.it\/#\/schema\/logo\/image\/\"}}]}<\/script>\n<!-- \/ Yoast SEO plugin. -->","yoast_head_json":{"title":"Privacy ~ epa.bz.it","robots":{"index":"index","follow":"follow","max-snippet":"max-snippet:-1","max-image-preview":"max-image-preview:large","max-video-preview":"max-video-preview:-1"},"canonical":"https:\/\/epa.bz.it\/it\/privacy\/","og_locale":"it_IT","og_type":"article","og_title":"Privacy ~ epa.bz.it","og_description":"[vc_row type=&#8221;in_container&#8221; full_screen_row_position=&#8221;middle&#8221; column_margin=&#8221;default&#8221; column_direction=&#8221;default&#8221; column_direction_tablet=&#8221;default&#8221; column_direction_phone=&#8221;default&#8221; scene_position=&#8221;center&#8221; text_color=&#8221;dark&#8221; text_align=&#8221;left&#8221; row_border_radius=&#8221;none&#8221; row_border_radius_applies=&#8221;bg&#8221; overlay_strength=&#8221;0.3&#8243; gradient_direction=&#8221;left_to_right&#8221; shape_divider_position=&#8221;bottom&#8221; bg_image_animation=&#8221;none&#8221;][vc_column column_padding=&#8221;no-extra-padding&#8221; column_padding_tablet=&#8221;inherit&#8221; column_padding_phone=&#8221;inherit&#8221; column_padding_position=&#8221;all&#8221; column_element_spacing=&#8221;default&#8221; background_color_opacity=&#8221;1&#8243; background_hover_color_opacity=&#8221;1&#8243; column_shadow=&#8221;none&#8221; column_border_radius=&#8221;none&#8221; column_link_target=&#8221;_self&#8221; gradient_direction=&#8221;left_to_right&#8221; overlay_strength=&#8221;0.3&#8243; width=&#8221;1\/1&#8243; tablet_width_inherit=&#8221;default&#8221;...","og_url":"https:\/\/epa.bz.it\/it\/privacy\/","og_site_name":"epa.bz.it","article_modified_time":"2021-06-03T11:52:34+00:00","og_image":[{"width":1920,"height":1280,"url":"https:\/\/epa.bz.it\/wordpress\/wp-content\/uploads\/2021\/02\/epa-strom_fuer_passeier.jpg","type":"image\/jpeg"}],"schema":{"@context":"https:\/\/schema.org","@graph":[{"@type":"WebPage","@id":"https:\/\/epa.bz.it\/it\/privacy\/","url":"https:\/\/epa.bz.it\/it\/privacy\/","name":"Privacy ~ epa.bz.it","isPartOf":{"@id":"https:\/\/epa.bz.it\/#website"},"datePublished":"2021-01-21T07:42:50+00:00","dateModified":"2021-06-03T11:52:34+00:00","breadcrumb":{"@id":"https:\/\/epa.bz.it\/it\/privacy\/#breadcrumb"},"inLanguage":"it-IT","potentialAction":[{"@type":"ReadAction","target":["https:\/\/epa.bz.it\/it\/privacy\/"]}]},{"@type":"BreadcrumbList","@id":"https:\/\/epa.bz.it\/it\/privacy\/#breadcrumb","itemListElement":[{"@type":"ListItem","position":1,"name":"Start","item":"https:\/\/epa.bz.it\/it\/sample-page\/"},{"@type":"ListItem","position":2,"name":"Privacy"}]},{"@type":"WebSite","@id":"https:\/\/epa.bz.it\/#website","url":"https:\/\/epa.bz.it\/","name":"Energie Passeier","description":"Strom aus Passeier","publisher":{"@id":"https:\/\/epa.bz.it\/#organization"},"potentialAction":[{"@type":"SearchAction","target":{"@type":"EntryPoint","urlTemplate":"https:\/\/epa.bz.it\/?s={search_term_string}"},"query-input":{"@type":"PropertyValueSpecification","valueRequired":true,"valueName":"search_term_string"}}],"inLanguage":"it-IT"},{"@type":"Organization","@id":"https:\/\/epa.bz.it\/#organization","name":"Energie Passeier","url":"https:\/\/epa.bz.it\/","logo":{"@type":"ImageObject","inLanguage":"it-IT","@id":"https:\/\/epa.bz.it\/#\/schema\/logo\/image\/","url":"https:\/\/epa.bz.it\/wordpress\/wp-content\/uploads\/2021\/03\/favicon-epa.png","contentUrl":"https:\/\/epa.bz.it\/wordpress\/wp-content\/uploads\/2021\/03\/favicon-epa.png","width":512,"height":512,"caption":"Energie Passeier"},"image":{"@id":"https:\/\/epa.bz.it\/#\/schema\/logo\/image\/"}}]}},"_links":{"self":[{"href":"https:\/\/epa.bz.it\/it\/wp-json\/wp\/v2\/pages\/450","targetHints":{"allow":["GET"]}}],"collection":[{"href":"https:\/\/epa.bz.it\/it\/wp-json\/wp\/v2\/pages"}],"about":[{"href":"https:\/\/epa.bz.it\/it\/wp-json\/wp\/v2\/types\/page"}],"author":[{"embeddable":true,"href":"https:\/\/epa.bz.it\/it\/wp-json\/wp\/v2\/users\/1"}],"replies":[{"embeddable":true,"href":"https:\/\/epa.bz.it\/it\/wp-json\/wp\/v2\/comments?post=450"}],"version-history":[{"count":2,"href":"https:\/\/epa.bz.it\/it\/wp-json\/wp\/v2\/pages\/450\/revisions"}],"predecessor-version":[{"id":452,"href":"https:\/\/epa.bz.it\/it\/wp-json\/wp\/v2\/pages\/450\/revisions\/452"}],"wp:attachment":[{"href":"https:\/\/epa.bz.it\/it\/wp-json\/wp\/v2\/media?parent=450"}],"curies":[{"name":"wp","href":"https:\/\/api.w.org\/{rel}","templated":true}]}}